{"id":8,"date":"2023-11-10T19:43:51","date_gmt":"2023-11-10T19:43:51","guid":{"rendered":"https:\/\/veluxalambrismo.com\/?page_id=8"},"modified":"2023-11-10T21:20:21","modified_gmt":"2023-11-10T21:20:21","slug":"historia","status":"publish","type":"page","link":"https:\/\/veluxalambrismo.com\/index.php\/historia\/","title":{"rendered":"Historia"},"content":{"rendered":"<p>Velux Alambrismo Art\u00edstico, es una empresa de capital familiar y nace en el 2019 con el objetivo de potenciar el sue\u00f1o de emprender, a trav\u00e9s del dise\u00f1o de accesorios, cuya base es la creatividad y la expresi\u00f3n art\u00edstica, que se reflejan d\u00eda con d\u00eda en los gustos y exigencias de los consumidores.<\/p>\n<p>Tan solo unos meses despu\u00e9s de haber incursionado en las ventas al detalle de joyas de dise\u00f1o \u00fanico, nos vimos afectados a nivel mundial por la pandemia del COVID19. Esta crisis hizo que nuestro futuro fuera incierto, pues eran \u00e9pocas de incertidumbre y temor. En un abrir y cerrar de ojos, nuestras vidas cambiaron, dando pie a la virtualidad como una forma de adaptaci\u00f3n a nuestras vidas diarias.\u00a0 Es as\u00ed como por azares de la vida empezamos brindando cursos a trav\u00e9s de la plataforma de Facebook, donde nos dimos a conocer tanto dentro como fuera de Costa Rica.<\/p>\n<p>Una vez que termina la pandemia, cambia el rumbo de Velux hacia la presencialidad \u00a0con clases de bisuter\u00eda y alambrismo; abriendo su taller escuela en Gu\u00e1piles, Lim\u00f3n, Costa Rica en abril del 2021; esto sin dejar de lado la virtualidad donde tambi\u00e9n realizamos tutoriales a trav\u00e9s de plataformas como YouTube. En la actualidad el proyecto se identifica como una marca costarricense dedicada tanto a la fabricaci\u00f3n de piezas dise\u00f1adas y producidas con materiales de la mejor calidad; as\u00ed como a las clases de joyer\u00eda artesanal; siendo este \u00faltimo nuestra principal raz\u00f3n de ser.<\/p>\n<div id='gallery-1' class='gallery galleryid-8 gallery-columns-5 gallery-size-thumbnail'><figure class='gallery-item'>\n\t\t\t<div class='gallery-icon landscape'>\n\t\t\t\t<a href='https:\/\/veluxalambrismo.com\/wp-content\/uploads\/2023\/11\/20230427_171730.jpg'><img loading=\"lazy\" decoding=\"async\" width=\"150\" height=\"150\" src=\"https:\/\/veluxalambrismo.com\/wp-content\/uploads\/2023\/11\/20230427_171730-150x150.jpg\" class=\"attachment-thumbnail size-thumbnail\" alt=\"\" srcset=\"https:\/\/veluxalambrismo.com\/wp-content\/uploads\/2023\/11\/20230427_171730-150x150.jpg 150w, https:\/\/veluxalambrismo.com\/wp-content\/uploads\/2023\/11\/20230427_171730-300x300.jpg 300w, https:\/\/veluxalambrismo.com\/wp-content\/uploads\/2023\/11\/20230427_171730-100x100.jpg 100w\" sizes=\"auto, (max-width: 150px) 100vw, 150px\" \/><\/a>\n\t\t\t<\/div><\/figure><figure class='gallery-item'>\n\t\t\t<div class='gallery-icon landscape'>\n\t\t\t\t<a href='https:\/\/veluxalambrismo.com\/wp-content\/uploads\/2023\/11\/20230427_171828.jpg'><img loading=\"lazy\" decoding=\"async\" width=\"150\" height=\"150\" src=\"https:\/\/veluxalambrismo.com\/wp-content\/uploads\/2023\/11\/20230427_171828-150x150.jpg\" class=\"attachment-thumbnail size-thumbnail\" alt=\"\" srcset=\"https:\/\/veluxalambrismo.com\/wp-content\/uploads\/2023\/11\/20230427_171828-150x150.jpg 150w, https:\/\/veluxalambrismo.com\/wp-content\/uploads\/2023\/11\/20230427_171828-300x300.jpg 300w, https:\/\/veluxalambrismo.com\/wp-content\/uploads\/2023\/11\/20230427_171828-100x100.jpg 100w\" sizes=\"auto, (max-width: 150px) 100vw, 150px\" \/><\/a>\n\t\t\t<\/div><\/figure><figure class='gallery-item'>\n\t\t\t<div class='gallery-icon landscape'>\n\t\t\t\t<a href='https:\/\/veluxalambrismo.com\/wp-content\/uploads\/2023\/11\/20230427_171836.jpg'><img loading=\"lazy\" decoding=\"async\" width=\"150\" height=\"150\" src=\"https:\/\/veluxalambrismo.com\/wp-content\/uploads\/2023\/11\/20230427_171836-150x150.jpg\" class=\"attachment-thumbnail size-thumbnail\" alt=\"\" srcset=\"https:\/\/veluxalambrismo.com\/wp-content\/uploads\/2023\/11\/20230427_171836-150x150.jpg 150w, https:\/\/veluxalambrismo.com\/wp-content\/uploads\/2023\/11\/20230427_171836-300x300.jpg 300w, https:\/\/veluxalambrismo.com\/wp-content\/uploads\/2023\/11\/20230427_171836-100x100.jpg 100w\" sizes=\"auto, (max-width: 150px) 100vw, 150px\" \/><\/a>\n\t\t\t<\/div><\/figure><figure class='gallery-item'>\n\t\t\t<div class='gallery-icon landscape'>\n\t\t\t\t<a href='https:\/\/veluxalambrismo.com\/wp-content\/uploads\/2023\/11\/20230427_171844.jpg'><img loading=\"lazy\" decoding=\"async\" width=\"150\" height=\"150\" src=\"https:\/\/veluxalambrismo.com\/wp-content\/uploads\/2023\/11\/20230427_171844-150x150.jpg\" class=\"attachment-thumbnail size-thumbnail\" alt=\"\" srcset=\"https:\/\/veluxalambrismo.com\/wp-content\/uploads\/2023\/11\/20230427_171844-150x150.jpg 150w, https:\/\/veluxalambrismo.com\/wp-content\/uploads\/2023\/11\/20230427_171844-300x300.jpg 300w, https:\/\/veluxalambrismo.com\/wp-content\/uploads\/2023\/11\/20230427_171844-100x100.jpg 100w\" sizes=\"auto, (max-width: 150px) 100vw, 150px\" \/><\/a>\n\t\t\t<\/div><\/figure><figure class='gallery-item'>\n\t\t\t<div class='gallery-icon landscape'>\n\t\t\t\t<a href='https:\/\/veluxalambrismo.com\/wp-content\/uploads\/2023\/11\/20230427_171851.jpg'><img loading=\"lazy\" decoding=\"async\" width=\"150\" height=\"150\" src=\"https:\/\/veluxalambrismo.com\/wp-content\/uploads\/2023\/11\/20230427_171851-150x150.jpg\" class=\"attachment-thumbnail size-thumbnail\" alt=\"\" srcset=\"https:\/\/veluxalambrismo.com\/wp-content\/uploads\/2023\/11\/20230427_171851-150x150.jpg 150w, https:\/\/veluxalambrismo.com\/wp-content\/uploads\/2023\/11\/20230427_171851-300x300.jpg 300w, https:\/\/veluxalambrismo.com\/wp-content\/uploads\/2023\/11\/20230427_171851-100x100.jpg 100w\" sizes=\"auto, (max-width: 150px) 100vw, 150px\" \/><\/a>\n\t\t\t<\/div><\/figure><figure class='gallery-item'>\n\t\t\t<div class='gallery-icon landscape'>\n\t\t\t\t<a href='https:\/\/veluxalambrismo.com\/wp-content\/uploads\/2023\/11\/20230427_172051.jpg'><img loading=\"lazy\" decoding=\"async\" width=\"150\" height=\"150\" src=\"https:\/\/veluxalambrismo.com\/wp-content\/uploads\/2023\/11\/20230427_172051-150x150.jpg\" class=\"attachment-thumbnail size-thumbnail\" alt=\"\" srcset=\"https:\/\/veluxalambrismo.com\/wp-content\/uploads\/2023\/11\/20230427_172051-150x150.jpg 150w, https:\/\/veluxalambrismo.com\/wp-content\/uploads\/2023\/11\/20230427_172051-300x300.jpg 300w, https:\/\/veluxalambrismo.com\/wp-content\/uploads\/2023\/11\/20230427_172051-100x100.jpg 100w\" sizes=\"auto, (max-width: 150px) 100vw, 150px\" \/><\/a>\n\t\t\t<\/div><\/figure><figure class='gallery-item'>\n\t\t\t<div class='gallery-icon landscape'>\n\t\t\t\t<a href='https:\/\/veluxalambrismo.com\/wp-content\/uploads\/2023\/11\/20230427_172056.jpg'><img loading=\"lazy\" decoding=\"async\" width=\"150\" height=\"150\" src=\"https:\/\/veluxalambrismo.com\/wp-content\/uploads\/2023\/11\/20230427_172056-150x150.jpg\" class=\"attachment-thumbnail size-thumbnail\" alt=\"\" srcset=\"https:\/\/veluxalambrismo.com\/wp-content\/uploads\/2023\/11\/20230427_172056-150x150.jpg 150w, https:\/\/veluxalambrismo.com\/wp-content\/uploads\/2023\/11\/20230427_172056-300x300.jpg 300w, https:\/\/veluxalambrismo.com\/wp-content\/uploads\/2023\/11\/20230427_172056-100x100.jpg 100w\" sizes=\"auto, (max-width: 150px) 100vw, 150px\" \/><\/a>\n\t\t\t<\/div><\/figure><figure class='gallery-item'>\n\t\t\t<div class='gallery-icon landscape'>\n\t\t\t\t<a href='https:\/\/veluxalambrismo.com\/wp-content\/uploads\/2023\/11\/20230427_172104.jpg'><img loading=\"lazy\" decoding=\"async\" width=\"150\" height=\"150\" src=\"https:\/\/veluxalambrismo.com\/wp-content\/uploads\/2023\/11\/20230427_172104-150x150.jpg\" class=\"attachment-thumbnail size-thumbnail\" alt=\"\" srcset=\"https:\/\/veluxalambrismo.com\/wp-content\/uploads\/2023\/11\/20230427_172104-150x150.jpg 150w, https:\/\/veluxalambrismo.com\/wp-content\/uploads\/2023\/11\/20230427_172104-300x300.jpg 300w, https:\/\/veluxalambrismo.com\/wp-content\/uploads\/2023\/11\/20230427_172104-100x100.jpg 100w\" sizes=\"auto, (max-width: 150px) 100vw, 150px\" \/><\/a>\n\t\t\t<\/div><\/figure><figure class='gallery-item'>\n\t\t\t<div class='gallery-icon landscape'>\n\t\t\t\t<a href='https:\/\/veluxalambrismo.com\/wp-content\/uploads\/2023\/11\/20230427_172115.jpg'><img loading=\"lazy\" decoding=\"async\" width=\"150\" height=\"150\" src=\"https:\/\/veluxalambrismo.com\/wp-content\/uploads\/2023\/11\/20230427_172115-150x150.jpg\" class=\"attachment-thumbnail size-thumbnail\" alt=\"\" srcset=\"https:\/\/veluxalambrismo.com\/wp-content\/uploads\/2023\/11\/20230427_172115-150x150.jpg 150w, https:\/\/veluxalambrismo.com\/wp-content\/uploads\/2023\/11\/20230427_172115-300x300.jpg 300w, https:\/\/veluxalambrismo.com\/wp-content\/uploads\/2023\/11\/20230427_172115-100x100.jpg 100w\" sizes=\"auto, (max-width: 150px) 100vw, 150px\" \/><\/a>\n\t\t\t<\/div><\/figure><figure class='gallery-item'>\n\t\t\t<div class='gallery-icon landscape'>\n\t\t\t\t<a href='https:\/\/veluxalambrismo.com\/wp-content\/uploads\/2023\/11\/20230427_172130.jpg'><img loading=\"lazy\" decoding=\"async\" width=\"150\" height=\"150\" src=\"https:\/\/veluxalambrismo.com\/wp-content\/uploads\/2023\/11\/20230427_172130-150x150.jpg\" class=\"attachment-thumbnail size-thumbnail\" alt=\"\" srcset=\"https:\/\/veluxalambrismo.com\/wp-content\/uploads\/2023\/11\/20230427_172130-150x150.jpg 150w, https:\/\/veluxalambrismo.com\/wp-content\/uploads\/2023\/11\/20230427_172130-300x300.jpg 300w, https:\/\/veluxalambrismo.com\/wp-content\/uploads\/2023\/11\/20230427_172130-100x100.jpg 100w\" sizes=\"auto, (max-width: 150px) 100vw, 150px\" \/><\/a>\n\t\t\t<\/div><\/figure><figure class='gallery-item'>\n\t\t\t<div class='gallery-icon landscape'>\n\t\t\t\t<a href='https:\/\/veluxalambrismo.com\/wp-content\/uploads\/2023\/11\/20230427_172150.jpg'><img loading=\"lazy\" decoding=\"async\" width=\"150\" height=\"150\" src=\"https:\/\/veluxalambrismo.com\/wp-content\/uploads\/2023\/11\/20230427_172150-150x150.jpg\" class=\"attachment-thumbnail size-thumbnail\" alt=\"\" srcset=\"https:\/\/veluxalambrismo.com\/wp-content\/uploads\/2023\/11\/20230427_172150-150x150.jpg 150w, https:\/\/veluxalambrismo.com\/wp-content\/uploads\/2023\/11\/20230427_172150-300x300.jpg 300w, https:\/\/veluxalambrismo.com\/wp-content\/uploads\/2023\/11\/20230427_172150-100x100.jpg 100w\" sizes=\"auto, (max-width: 150px) 100vw, 150px\" \/><\/a>\n\t\t\t<\/div><\/figure><figure class='gallery-item'>\n\t\t\t<div class='gallery-icon landscape'>\n\t\t\t\t<a href='https:\/\/veluxalambrismo.com\/wp-content\/uploads\/2023\/11\/20230427_172407.jpg'><img loading=\"lazy\" decoding=\"async\" width=\"150\" height=\"150\" src=\"https:\/\/veluxalambrismo.com\/wp-content\/uploads\/2023\/11\/20230427_172407-150x150.jpg\" class=\"attachment-thumbnail size-thumbnail\" alt=\"\" srcset=\"https:\/\/veluxalambrismo.com\/wp-content\/uploads\/2023\/11\/20230427_172407-150x150.jpg 150w, https:\/\/veluxalambrismo.com\/wp-content\/uploads\/2023\/11\/20230427_172407-300x300.jpg 300w, https:\/\/veluxalambrismo.com\/wp-content\/uploads\/2023\/11\/20230427_172407-100x100.jpg 100w\" sizes=\"auto, (max-width: 150px) 100vw, 150px\" \/><\/a>\n\t\t\t<\/div><\/figure><figure class='gallery-item'>\n\t\t\t<div class='gallery-icon landscape'>\n\t\t\t\t<a href='https:\/\/veluxalambrismo.com\/wp-content\/uploads\/2023\/11\/20230427_172508.jpg'><img loading=\"lazy\" decoding=\"async\" width=\"150\" height=\"150\" src=\"https:\/\/veluxalambrismo.com\/wp-content\/uploads\/2023\/11\/20230427_172508-150x150.jpg\" class=\"attachment-thumbnail size-thumbnail\" alt=\"\" srcset=\"https:\/\/veluxalambrismo.com\/wp-content\/uploads\/2023\/11\/20230427_172508-150x150.jpg 150w, https:\/\/veluxalambrismo.com\/wp-content\/uploads\/2023\/11\/20230427_172508-300x300.jpg 300w, https:\/\/veluxalambrismo.com\/wp-content\/uploads\/2023\/11\/20230427_172508-100x100.jpg 100w\" sizes=\"auto, (max-width: 150px) 100vw, 150px\" \/><\/a>\n\t\t\t<\/div><\/figure><figure class='gallery-item'>\n\t\t\t<div class='gallery-icon landscape'>\n\t\t\t\t<a href='https:\/\/veluxalambrismo.com\/wp-content\/uploads\/2023\/11\/20230427_172622.jpg'><img loading=\"lazy\" decoding=\"async\" width=\"150\" height=\"150\" src=\"https:\/\/veluxalambrismo.com\/wp-content\/uploads\/2023\/11\/20230427_172622-150x150.jpg\" class=\"attachment-thumbnail size-thumbnail\" alt=\"\" srcset=\"https:\/\/veluxalambrismo.com\/wp-content\/uploads\/2023\/11\/20230427_172622-150x150.jpg 150w, https:\/\/veluxalambrismo.com\/wp-content\/uploads\/2023\/11\/20230427_172622-300x300.jpg 300w, https:\/\/veluxalambrismo.com\/wp-content\/uploads\/2023\/11\/20230427_172622-100x100.jpg 100w\" sizes=\"auto, (max-width: 150px) 100vw, 150px\" \/><\/a>\n\t\t\t<\/div><\/figure><figure class='gallery-item'>\n\t\t\t<div class='gallery-icon landscape'>\n\t\t\t\t<a href='https:\/\/veluxalambrismo.com\/wp-content\/uploads\/2023\/11\/20230427_172735.jpg'><img loading=\"lazy\" decoding=\"async\" width=\"150\" height=\"150\" src=\"https:\/\/veluxalambrismo.com\/wp-content\/uploads\/2023\/11\/20230427_172735-150x150.jpg\" class=\"attachment-thumbnail size-thumbnail\" alt=\"\" srcset=\"https:\/\/veluxalambrismo.com\/wp-content\/uploads\/2023\/11\/20230427_172735-150x150.jpg 150w, https:\/\/veluxalambrismo.com\/wp-content\/uploads\/2023\/11\/20230427_172735-300x300.jpg 300w, https:\/\/veluxalambrismo.com\/wp-content\/uploads\/2023\/11\/20230427_172735-100x100.jpg 100w\" sizes=\"auto, (max-width: 150px) 100vw, 150px\" \/><\/a>\n\t\t\t<\/div><\/figure><figure class='gallery-item'>\n\t\t\t<div class='gallery-icon landscape'>\n\t\t\t\t<a href='https:\/\/veluxalambrismo.com\/wp-content\/uploads\/2023\/11\/videos-1.jpg'><img loading=\"lazy\" decoding=\"async\" width=\"150\" height=\"150\" src=\"https:\/\/veluxalambrismo.com\/wp-content\/uploads\/2023\/11\/videos-1-150x150.jpg\" class=\"attachment-thumbnail size-thumbnail\" alt=\"\" srcset=\"https:\/\/veluxalambrismo.com\/wp-content\/uploads\/2023\/11\/videos-1-150x150.jpg 150w, https:\/\/veluxalambrismo.com\/wp-content\/uploads\/2023\/11\/videos-1-300x300.jpg 300w, https:\/\/veluxalambrismo.com\/wp-content\/uploads\/2023\/11\/videos-1-100x100.jpg 100w\" sizes=\"auto, (max-width: 150px) 100vw, 150px\" \/><\/a>\n\t\t\t<\/div><\/figure><figure class='gallery-item'>\n\t\t\t<div class='gallery-icon portrait'>\n\t\t\t\t<a href='https:\/\/veluxalambrismo.com\/wp-content\/uploads\/2023\/11\/12.png'><img loading=\"lazy\" decoding=\"async\" width=\"150\" height=\"150\" src=\"https:\/\/veluxalambrismo.com\/wp-content\/uploads\/2023\/11\/12-150x150.png\" class=\"attachment-thumbnail size-thumbnail\" alt=\"\" srcset=\"https:\/\/veluxalambrismo.com\/wp-content\/uploads\/2023\/11\/12-150x150.png 150w, https:\/\/veluxalambrismo.com\/wp-content\/uploads\/2023\/11\/12-300x300.png 300w, https:\/\/veluxalambrismo.com\/wp-content\/uploads\/2023\/11\/12-100x100.png 100w\" sizes=\"auto, (max-width: 150px) 100vw, 150px\" \/><\/a>\n\t\t\t<\/div><\/figure><figure class='gallery-item'>\n\t\t\t<div class='gallery-icon portrait'>\n\t\t\t\t<a href='https:\/\/veluxalambrismo.com\/wp-content\/uploads\/2023\/11\/20.png'><img loading=\"lazy\" decoding=\"async\" width=\"150\" height=\"150\" src=\"https:\/\/veluxalambrismo.com\/wp-content\/uploads\/2023\/11\/20-150x150.png\" class=\"attachment-thumbnail size-thumbnail\" alt=\"\" srcset=\"https:\/\/veluxalambrismo.com\/wp-content\/uploads\/2023\/11\/20-150x150.png 150w, https:\/\/veluxalambrismo.com\/wp-content\/uploads\/2023\/11\/20-300x300.png 300w, https:\/\/veluxalambrismo.com\/wp-content\/uploads\/2023\/11\/20-100x100.png 100w\" sizes=\"auto, (max-width: 150px) 100vw, 150px\" \/><\/a>\n\t\t\t<\/div><\/figure><figure class='gallery-item'>\n\t\t\t<div class='gallery-icon portrait'>\n\t\t\t\t<a href='https:\/\/veluxalambrismo.com\/wp-content\/uploads\/2023\/11\/18.png'><img loading=\"lazy\" decoding=\"async\" width=\"150\" height=\"150\" src=\"https:\/\/veluxalambrismo.com\/wp-content\/uploads\/2023\/11\/18-150x150.png\" class=\"attachment-thumbnail size-thumbnail\" alt=\"\" srcset=\"https:\/\/veluxalambrismo.com\/wp-content\/uploads\/2023\/11\/18-150x150.png 150w, https:\/\/veluxalambrismo.com\/wp-content\/uploads\/2023\/11\/18-300x300.png 300w, https:\/\/veluxalambrismo.com\/wp-content\/uploads\/2023\/11\/18-100x100.png 100w\" sizes=\"auto, (max-width: 150px) 100vw, 150px\" \/><\/a>\n\t\t\t<\/div><\/figure><figure class='gallery-item'>\n\t\t\t<div class='gallery-icon portrait'>\n\t\t\t\t<a href='https:\/\/veluxalambrismo.com\/wp-content\/uploads\/2023\/11\/23.png'><img loading=\"lazy\" decoding=\"async\" width=\"150\" height=\"150\" src=\"https:\/\/veluxalambrismo.com\/wp-content\/uploads\/2023\/11\/23-150x150.png\" class=\"attachment-thumbnail size-thumbnail\" alt=\"\" srcset=\"https:\/\/veluxalambrismo.com\/wp-content\/uploads\/2023\/11\/23-150x150.png 150w, https:\/\/veluxalambrismo.com\/wp-content\/uploads\/2023\/11\/23-300x300.png 300w, https:\/\/veluxalambrismo.com\/wp-content\/uploads\/2023\/11\/23-100x100.png 100w\" sizes=\"auto, (max-width: 150px) 100vw, 150px\" \/><\/a>\n\t\t\t<\/div><\/figure>\n\t\t<\/div>\n\n<p>&nbsp;<\/p>\n","protected":false},"excerpt":{"rendered":"<p>Velux Alambrismo Art\u00edstico, es una empresa de capital familiar y nace en el 2019 con el objetivo de potenciar el sue\u00f1o de emprender, a trav\u00e9s del dise\u00f1o de accesorios, cuya base es la creatividad y la expresi\u00f3n art\u00edstica, que se reflejan d\u00eda con d\u00eda en los gustos y exigencias de los consumidores. Tan solo unos [&hellip;]<\/p>\n","protected":false},"author":1,"featured_media":0,"parent":0,"menu_order":0,"comment_status":"closed","ping_status":"closed","template":"","meta":{"footnotes":""},"class_list":["post-8","page","type-page","status-publish","hentry"],"_links":{"self":[{"href":"https:\/\/veluxalambrismo.com\/index.php\/wp-json\/wp\/v2\/pages\/8","targetHints":{"allow":["GET"]}}],"collection":[{"href":"https:\/\/veluxalambrismo.com\/index.php\/wp-json\/wp\/v2\/pages"}],"about":[{"href":"https:\/\/veluxalambrismo.com\/index.php\/wp-json\/wp\/v2\/types\/page"}],"author":[{"embeddable":true,"href":"https:\/\/veluxalambrismo.com\/index.php\/wp-json\/wp\/v2\/users\/1"}],"replies":[{"embeddable":true,"href":"https:\/\/veluxalambrismo.com\/index.php\/wp-json\/wp\/v2\/comments?post=8"}],"version-history":[{"count":8,"href":"https:\/\/veluxalambrismo.com\/index.php\/wp-json\/wp\/v2\/pages\/8\/revisions"}],"predecessor-version":[{"id":150,"href":"https:\/\/veluxalambrismo.com\/index.php\/wp-json\/wp\/v2\/pages\/8\/revisions\/150"}],"wp:attachment":[{"href":"https:\/\/veluxalambrismo.com\/index.php\/wp-json\/wp\/v2\/media?parent=8"}],"curies":[{"name":"wp","href":"https:\/\/api.w.org\/{rel}","templated":true}]}}