{"id":14,"date":"2023-11-10T19:44:25","date_gmt":"2023-11-10T19:44:25","guid":{"rendered":"https:\/\/veluxalambrismo.com\/?page_id=14"},"modified":"2024-06-06T12:58:49","modified_gmt":"2024-06-06T12:58:49","slug":"disenadora","status":"publish","type":"page","link":"https:\/\/veluxalambrismo.com\/index.php\/disenadora\/","title":{"rendered":"Dise\u00f1adora"},"content":{"rendered":"<p><img loading=\"lazy\" decoding=\"async\" class=\" wp-image-338 alignright\" src=\"https:\/\/veluxalambrismo.com\/wp-content\/uploads\/2024\/06\/e9b267f5-d9d7-43d7-b8c0-089ce6ab920f-683x1024.jpg\" alt=\"\" width=\"448\" height=\"672\" srcset=\"https:\/\/veluxalambrismo.com\/wp-content\/uploads\/2024\/06\/e9b267f5-d9d7-43d7-b8c0-089ce6ab920f-683x1024.jpg 683w, https:\/\/veluxalambrismo.com\/wp-content\/uploads\/2024\/06\/e9b267f5-d9d7-43d7-b8c0-089ce6ab920f-200x300.jpg 200w, https:\/\/veluxalambrismo.com\/wp-content\/uploads\/2024\/06\/e9b267f5-d9d7-43d7-b8c0-089ce6ab920f-768x1151.jpg 768w, https:\/\/veluxalambrismo.com\/wp-content\/uploads\/2024\/06\/e9b267f5-d9d7-43d7-b8c0-089ce6ab920f-1025x1536.jpg 1025w, https:\/\/veluxalambrismo.com\/wp-content\/uploads\/2024\/06\/e9b267f5-d9d7-43d7-b8c0-089ce6ab920f-1366x2048.jpg 1366w, https:\/\/veluxalambrismo.com\/wp-content\/uploads\/2024\/06\/e9b267f5-d9d7-43d7-b8c0-089ce6ab920f-600x899.jpg 600w, https:\/\/veluxalambrismo.com\/wp-content\/uploads\/2024\/06\/e9b267f5-d9d7-43d7-b8c0-089ce6ab920f.jpg 1708w\" sizes=\"auto, (max-width: 448px) 100vw, 448px\" \/>Ver\u00f3nica Delgado Barahona<\/p>\n<p>Mi nombre es Ver\u00f3nica Delgado Barahona y soy la persona que est\u00e1 detr\u00e1s de Velux Alambrismo Art\u00edstico. Despu\u00e9s de mucho esfuerzo, me gradu\u00e9 como Licenciada en Direcci\u00f3n de empresas y luego, consider\u00e9 como un gran valor agregado a mi vida, concluir una maestr\u00eda en Gesti\u00f3n de Compras P\u00fablicas.<\/p>\n<p>Desde muy peque\u00f1a me sent\u00ed atra\u00edda por las artes manuales y poco a poco fui desarrollando habilidades y creatividad en la elaboraci\u00f3n de piezas \u00fanicas con diversidad de materiales. A los 10 a\u00f1os descubr\u00ed las artes pl\u00e1sticas como parte del plan de estudios de mi escuela y fue as\u00ed como me enamor\u00e9 de las artes manuales, por lo que esta elevada motivaci\u00f3n, me llev\u00f3 hacia un aprendizaje guiado y con prop\u00f3sitos preestablecidos. Aprend\u00ed el arte del Alambrismo, a la par del reconocido artesano Luis Bastos, a quien todos llam\u00e1bamos \u201cHormiga\u201d. A los 19 a\u00f1os de edad recib\u00ed la distinci\u00f3n como la artesana m\u00e1s joven del cant\u00f3n de Pococ\u00ed.<\/p>\n<p>El alambrismo es mi pasi\u00f3n, es la rama de la bisuter\u00eda que acapara mis tiempos libres, en donde la tranquilidad empodera mis sentimientos y mi imaginaci\u00f3n, para dar forma y consistencia a una pieza que ser\u00e1 apreciada y dar\u00e1 un plus de belleza y distinci\u00f3n a quien la use. Esta gama de emociones me ha llevado a perfeccionar mi t\u00e9cnica, estudiando con profesionales internacionales. Y siendo que adem\u00e1s he recibido el honor de desarrollarme como maestra internacional en congresos organizados por otros pa\u00edses, lo cual me ha dado la oportunidad de conocer personas maravillosas que comparten este mismo gusto por la joyer\u00eda.<\/p>\n<p>Cada pieza de Velux deja en evidencia la pasi\u00f3n que siento cuando realizo mis dise\u00f1os con detalles que marcan la diferencia.<\/p>\n<p>T\u00e9cnica<\/p>\n<p>En Velux Alambrismo nos dedicamos a la ense\u00f1anza y fabricaci\u00f3n de bisuter\u00eda en diferentes t\u00e9cnicas, pero nos especializamos en el alambrismo art\u00edstico, para lo cual utilizamos alambres y materiales de la mejor calidad, garantizando la durabilidad de nuestras piezas, las cuales se conservan intactas, a\u00fan la transpiraci\u00f3n corporal.<\/p>\n<p>El alambrismo es una t\u00e9cnica milenaria que\u00a0<strong>surgi\u00f3 aproximadamente hace 6500 a\u00f1os.\u00a0<\/strong>Seg\u00fan\u00a0<a href=\"https:\/\/puntocrochet.com\/\">Punto Crochet<\/a>, se tienen registros de que esta t\u00e9cnica tuvo su primera aparici\u00f3n en\u00a0<strong>Turqu\u00eda, Irak, Ir\u00e1n, Sumeria y Egipto.<\/strong>\u00a0Estas civilizaciones fueron pioneras en el descubrimiento y modificaci\u00f3n de los metales, lo cual les sirvi\u00f3 para alcanzar un tipo de alambrismo fino.<\/p>\n<p>Nuestra metodolog\u00eda de ense\u00f1anza se basa en t\u00e9cnica, de forma que nuestros estudiantes puedan descubrir y fortalecer sus habilidades; se comienza desde cero y semana a semana se va aumentando el nivel de dificultad de las t\u00e9cnicas de modo que cada participante podr\u00e1 dejar volar la imaginaci\u00f3n, para completar as\u00ed el nivel de dificultad y reto que asume cada quien en la elaboraci\u00f3n de las diversas piezas que ofrecemos como marco de motivaci\u00f3n.<\/p>\n<div id='gallery-1' class='gallery galleryid-14 gallery-columns-4 gallery-size-thumbnail'><figure class='gallery-item'>\n\t\t\t<div class='gallery-icon landscape'>\n\t\t\t\t<a href='https:\/\/veluxalambrismo.com\/wp-content\/uploads\/2023\/11\/20230427_171730-1.jpg'><img loading=\"lazy\" decoding=\"async\" width=\"150\" height=\"150\" src=\"https:\/\/veluxalambrismo.com\/wp-content\/uploads\/2023\/11\/20230427_171730-1-150x150.jpg\" class=\"attachment-thumbnail size-thumbnail\" alt=\"\" srcset=\"https:\/\/veluxalambrismo.com\/wp-content\/uploads\/2023\/11\/20230427_171730-1-150x150.jpg 150w, https:\/\/veluxalambrismo.com\/wp-content\/uploads\/2023\/11\/20230427_171730-1-300x300.jpg 300w, https:\/\/veluxalambrismo.com\/wp-content\/uploads\/2023\/11\/20230427_171730-1-100x100.jpg 100w\" sizes=\"auto, (max-width: 150px) 100vw, 150px\" \/><\/a>\n\t\t\t<\/div><\/figure><figure class='gallery-item'>\n\t\t\t<div class='gallery-icon landscape'>\n\t\t\t\t<a href='https:\/\/veluxalambrismo.com\/wp-content\/uploads\/2023\/11\/20230427_171828.jpg'><img loading=\"lazy\" decoding=\"async\" width=\"150\" height=\"150\" src=\"https:\/\/veluxalambrismo.com\/wp-content\/uploads\/2023\/11\/20230427_171828-150x150.jpg\" class=\"attachment-thumbnail size-thumbnail\" alt=\"\" srcset=\"https:\/\/veluxalambrismo.com\/wp-content\/uploads\/2023\/11\/20230427_171828-150x150.jpg 150w, https:\/\/veluxalambrismo.com\/wp-content\/uploads\/2023\/11\/20230427_171828-300x300.jpg 300w, https:\/\/veluxalambrismo.com\/wp-content\/uploads\/2023\/11\/20230427_171828-100x100.jpg 100w\" sizes=\"auto, (max-width: 150px) 100vw, 150px\" \/><\/a>\n\t\t\t<\/div><\/figure><figure class='gallery-item'>\n\t\t\t<div class='gallery-icon landscape'>\n\t\t\t\t<a href='https:\/\/veluxalambrismo.com\/wp-content\/uploads\/2023\/11\/20230427_172503.jpg'><img loading=\"lazy\" decoding=\"async\" width=\"150\" height=\"150\" src=\"https:\/\/veluxalambrismo.com\/wp-content\/uploads\/2023\/11\/20230427_172503-150x150.jpg\" class=\"attachment-thumbnail size-thumbnail\" alt=\"\" srcset=\"https:\/\/veluxalambrismo.com\/wp-content\/uploads\/2023\/11\/20230427_172503-150x150.jpg 150w, https:\/\/veluxalambrismo.com\/wp-content\/uploads\/2023\/11\/20230427_172503-300x300.jpg 300w, https:\/\/veluxalambrismo.com\/wp-content\/uploads\/2023\/11\/20230427_172503-100x100.jpg 100w\" sizes=\"auto, (max-width: 150px) 100vw, 150px\" \/><\/a>\n\t\t\t<\/div><\/figure><figure class='gallery-item'>\n\t\t\t<div class='gallery-icon landscape'>\n\t\t\t\t<a href='https:\/\/veluxalambrismo.com\/wp-content\/uploads\/2023\/11\/videos-1.jpg'><img loading=\"lazy\" decoding=\"async\" width=\"150\" height=\"150\" src=\"https:\/\/veluxalambrismo.com\/wp-content\/uploads\/2023\/11\/videos-1-150x150.jpg\" class=\"attachment-thumbnail size-thumbnail\" alt=\"\" srcset=\"https:\/\/veluxalambrismo.com\/wp-content\/uploads\/2023\/11\/videos-1-150x150.jpg 150w, https:\/\/veluxalambrismo.com\/wp-content\/uploads\/2023\/11\/videos-1-300x300.jpg 300w, https:\/\/veluxalambrismo.com\/wp-content\/uploads\/2023\/11\/videos-1-100x100.jpg 100w\" sizes=\"auto, (max-width: 150px) 100vw, 150px\" \/><\/a>\n\t\t\t<\/div><\/figure><figure class='gallery-item'>\n\t\t\t<div class='gallery-icon landscape'>\n\t\t\t\t<a href='https:\/\/veluxalambrismo.com\/wp-content\/uploads\/2023\/11\/20230427_172407.jpg'><img loading=\"lazy\" decoding=\"async\" width=\"150\" height=\"150\" src=\"https:\/\/veluxalambrismo.com\/wp-content\/uploads\/2023\/11\/20230427_172407-150x150.jpg\" class=\"attachment-thumbnail size-thumbnail\" alt=\"\" srcset=\"https:\/\/veluxalambrismo.com\/wp-content\/uploads\/2023\/11\/20230427_172407-150x150.jpg 150w, https:\/\/veluxalambrismo.com\/wp-content\/uploads\/2023\/11\/20230427_172407-300x300.jpg 300w, https:\/\/veluxalambrismo.com\/wp-content\/uploads\/2023\/11\/20230427_172407-100x100.jpg 100w\" sizes=\"auto, (max-width: 150px) 100vw, 150px\" \/><\/a>\n\t\t\t<\/div><\/figure><figure class='gallery-item'>\n\t\t\t<div class='gallery-icon landscape'>\n\t\t\t\t<a href='https:\/\/veluxalambrismo.com\/wp-content\/uploads\/2023\/11\/20230427_172150.jpg'><img loading=\"lazy\" decoding=\"async\" width=\"150\" height=\"150\" src=\"https:\/\/veluxalambrismo.com\/wp-content\/uploads\/2023\/11\/20230427_172150-150x150.jpg\" class=\"attachment-thumbnail size-thumbnail\" alt=\"\" srcset=\"https:\/\/veluxalambrismo.com\/wp-content\/uploads\/2023\/11\/20230427_172150-150x150.jpg 150w, https:\/\/veluxalambrismo.com\/wp-content\/uploads\/2023\/11\/20230427_172150-300x300.jpg 300w, https:\/\/veluxalambrismo.com\/wp-content\/uploads\/2023\/11\/20230427_172150-100x100.jpg 100w\" sizes=\"auto, (max-width: 150px) 100vw, 150px\" \/><\/a>\n\t\t\t<\/div><\/figure><figure class='gallery-item'>\n\t\t\t<div class='gallery-icon landscape'>\n\t\t\t\t<a href='https:\/\/veluxalambrismo.com\/wp-content\/uploads\/2023\/11\/20230427_172733.jpg'><img loading=\"lazy\" decoding=\"async\" width=\"150\" height=\"150\" src=\"https:\/\/veluxalambrismo.com\/wp-content\/uploads\/2023\/11\/20230427_172733-150x150.jpg\" class=\"attachment-thumbnail size-thumbnail\" alt=\"\" srcset=\"https:\/\/veluxalambrismo.com\/wp-content\/uploads\/2023\/11\/20230427_172733-150x150.jpg 150w, https:\/\/veluxalambrismo.com\/wp-content\/uploads\/2023\/11\/20230427_172733-300x300.jpg 300w, https:\/\/veluxalambrismo.com\/wp-content\/uploads\/2023\/11\/20230427_172733-100x100.jpg 100w\" sizes=\"auto, (max-width: 150px) 100vw, 150px\" \/><\/a>\n\t\t\t<\/div><\/figure>\n\t\t<\/div>\n\n","protected":false},"excerpt":{"rendered":"<p>Ver\u00f3nica Delgado Barahona Mi nombre es Ver\u00f3nica Delgado Barahona y soy la persona que est\u00e1 detr\u00e1s de Velux Alambrismo Art\u00edstico. Despu\u00e9s de mucho esfuerzo, me gradu\u00e9 como Licenciada en Direcci\u00f3n de empresas y luego, consider\u00e9 como un gran valor agregado a mi vida, concluir una maestr\u00eda en Gesti\u00f3n de Compras P\u00fablicas. Desde muy peque\u00f1a me [&hellip;]<\/p>\n","protected":false},"author":1,"featured_media":0,"parent":0,"menu_order":0,"comment_status":"closed","ping_status":"closed","template":"templates\/template-page-full-width.php","meta":{"footnotes":""},"class_list":["post-14","page","type-page","status-publish","hentry"],"_links":{"self":[{"href":"https:\/\/veluxalambrismo.com\/index.php\/wp-json\/wp\/v2\/pages\/14","targetHints":{"allow":["GET"]}}],"collection":[{"href":"https:\/\/veluxalambrismo.com\/index.php\/wp-json\/wp\/v2\/pages"}],"about":[{"href":"https:\/\/veluxalambrismo.com\/index.php\/wp-json\/wp\/v2\/types\/page"}],"author":[{"embeddable":true,"href":"https:\/\/veluxalambrismo.com\/index.php\/wp-json\/wp\/v2\/users\/1"}],"replies":[{"embeddable":true,"href":"https:\/\/veluxalambrismo.com\/index.php\/wp-json\/wp\/v2\/comments?post=14"}],"version-history":[{"count":7,"href":"https:\/\/veluxalambrismo.com\/index.php\/wp-json\/wp\/v2\/pages\/14\/revisions"}],"predecessor-version":[{"id":362,"href":"https:\/\/veluxalambrismo.com\/index.php\/wp-json\/wp\/v2\/pages\/14\/revisions\/362"}],"wp:attachment":[{"href":"https:\/\/veluxalambrismo.com\/index.php\/wp-json\/wp\/v2\/media?parent=14"}],"curies":[{"name":"wp","href":"https:\/\/api.w.org\/{rel}","templated":true}]}}